{"id":886,"date":"2019-01-31T13:02:20","date_gmt":"2019-01-31T12:02:20","guid":{"rendered":"http:\/\/neu.nsfh.de\/?page_id=886"},"modified":"2019-02-06T11:44:58","modified_gmt":"2019-02-06T10:44:58","slug":"faq","status":"publish","type":"page","link":"https:\/\/www.nsfh.de\/?page_id=886","title":{"rendered":"FAQ"},"content":{"rendered":"\t\t<div data-elementor-type=\"wp-post\" data-elementor-id=\"886\" class=\"elementor elementor-886 elementor-bc-flex-widget\">\n\t\t\t\t\t\t<section class=\"elementor-section elementor-top-section elementor-element elementor-element-7030e39 elementor-section-boxed elementor-section-height-default elementor-section-height-default\" data-id=\"7030e39\" data-element_type=\"section\" data-settings=\"{&quot;background_background&quot;:&quot;classic&quot;}\">\n\t\t\t\t\t\t<div class=\"elementor-container elementor-column-gap-default\">\n\t\t\t\t\t<div class=\"elementor-column elementor-col-100 elementor-top-column elementor-element elementor-element-621e245\" data-id=\"621e245\" data-element_type=\"column\">\n\t\t\t<div class=\"elementor-widget-wrap elementor-element-populated\">\n\t\t\t\t\t\t<div class=\"elementor-element elementor-element-93d3150 elementor-widget elementor-widget-heading\" data-id=\"93d3150\" data-element_type=\"widget\" data-widget_type=\"heading.default\">\n\t\t\t\t<div class=\"elementor-widget-container\">\n\t\t\t\t\t<h2 class=\"elementor-heading-title elementor-size-default\">Fragen und Antworten  (FAQ)\n\n\n\n<\/h2>\t\t\t\t<\/div>\n\t\t\t\t<\/div>\n\t\t\t\t\t<\/div>\n\t\t<\/div>\n\t\t\t\t\t<\/div>\n\t\t<\/section>\n\t\t\t\t<section class=\"elementor-section elementor-top-section elementor-element elementor-element-24a531a elementor-section-boxed elementor-section-height-default elementor-section-height-default\" data-id=\"24a531a\" data-element_type=\"section\" data-settings=\"{&quot;background_background&quot;:&quot;classic&quot;}\">\n\t\t\t\t\t\t<div class=\"elementor-container elementor-column-gap-default\">\n\t\t\t\t\t<div class=\"elementor-column elementor-col-100 elementor-top-column elementor-element elementor-element-f634276\" data-id=\"f634276\" data-element_type=\"column\">\n\t\t\t<div class=\"elementor-widget-wrap elementor-element-populated\">\n\t\t\t\t\t\t<div class=\"elementor-element elementor-element-443dfd2 elementor-widget elementor-widget-text-editor\" data-id=\"443dfd2\" data-element_type=\"widget\" data-widget_type=\"text-editor.default\">\n\t\t\t\t<div class=\"elementor-widget-container\">\n\t\t\t\t\t\t\t\t\t<p><span class=\"tahoma130FFFFFFtb\" style=\"font-family: Tahoma, Geneva, sans-serif; font-size: 17px; color: #000000; font-weight: bold; font-style: normal; font-variant-ligatures: normal; font-variant-caps: normal; text-align: justify;\">Qualit\u00e4tssicherung<\/span><span class=\"tahoma130FFFFFFt\" style=\"font-family: Tahoma, Geneva, sans-serif; font-size: 17px; color: #000000; font-style: normal; font-variant-ligatures: normal; font-variant-caps: normal; font-weight: 400; text-align: justify;\"><br \/>Zur eigenen Weiterentwicklung nehme ich regelm\u00e4\u00dfig Fortbildungen und\u00a0Supervisionen in Anspruch. Ich stehe im engen Austausch mit fachlich\u00a0<br \/>qualifizierten Personen, im Rahmen kollegialer Beratung und Intervision.\u00a0<br \/>In meiner Arbeit gehe ich auch gerne vernetzt vor. Das bedeutet, ich kontaktiere\u00a0nach Bedarf auch weiter spezialisierte Personen oder Institutionen f\u00fcr Sie, wenn Sie dieses w\u00fcnschen.\u00a0<br \/>Auch berate ich mit Ihnen den Verlauf und die Anzahl der Termine, nach ihrer pers\u00f6nlichen Einsch\u00e4tzung und meinen Erfahrungswerten.<\/span><\/p>\t\t\t\t\t\t\t\t<\/div>\n\t\t\t\t<\/div>\n\t\t\t\t\t<\/div>\n\t\t<\/div>\n\t\t\t\t\t<\/div>\n\t\t<\/section>\n\t\t\t\t<section class=\"elementor-section elementor-top-section elementor-element elementor-element-3f6a7ae elementor-section-boxed elementor-section-height-default elementor-section-height-default\" data-id=\"3f6a7ae\" data-element_type=\"section\" data-settings=\"{&quot;background_background&quot;:&quot;classic&quot;}\">\n\t\t\t\t\t\t<div class=\"elementor-container elementor-column-gap-default\">\n\t\t\t\t\t<div class=\"elementor-column elementor-col-100 elementor-top-column elementor-element elementor-element-efef451\" data-id=\"efef451\" data-element_type=\"column\">\n\t\t\t<div class=\"elementor-widget-wrap elementor-element-populated\">\n\t\t\t\t\t\t<div class=\"elementor-element elementor-element-b9c51ed elementor-widget elementor-widget-text-editor\" data-id=\"b9c51ed\" data-element_type=\"widget\" data-widget_type=\"text-editor.default\">\n\t\t\t\t<div class=\"elementor-widget-container\">\n\t\t\t\t\t\t\t\t\t<p><span class=\"tahoma130FFFFFFtb\" style=\"font-variant-ligatures: normal; font-variant-caps: normal; font-family: Tahoma, Geneva, sans-serif; font-size: 17px; font-style: normal; font-weight: bold; color: #000000; text-align: justify;\">Methodisches Vorgehen<\/span><span class=\"tahoma130FFFFFFt\" style=\"font-variant-ligatures: normal; font-variant-caps: normal; font-family: Tahoma, Geneva, sans-serif; font-size: 17px; font-style: normal; font-weight: 400; color: #000000; text-align: justify;\"><br \/>Die theoretische Basis unserer Arbeit bildet der systemische Beratungs-\/Therapieansatz.\u00a0<br \/>Die Beziehung zu Ihnen als Klient\/in, ist in erster Linie durch Verst\u00e4ndnis und Vertraulichkeit gekennzeichnet. Ich verstehe mich als Wegbegleiter auf Zeit, der Impulse geben kann die helfen ihre Ziele zu erreichen.<\/span><\/p>\t\t\t\t\t\t\t\t<\/div>\n\t\t\t\t<\/div>\n\t\t\t\t\t<\/div>\n\t\t<\/div>\n\t\t\t\t\t<\/div>\n\t\t<\/section>\n\t\t\t\t<section class=\"elementor-section elementor-top-section elementor-element elementor-element-2c2f465 elementor-section-boxed elementor-section-height-default elementor-section-height-default\" data-id=\"2c2f465\" data-element_type=\"section\" data-settings=\"{&quot;background_background&quot;:&quot;classic&quot;}\">\n\t\t\t\t\t\t<div class=\"elementor-container elementor-column-gap-default\">\n\t\t\t\t\t<div class=\"elementor-column elementor-col-100 elementor-top-column elementor-element elementor-element-60913de\" data-id=\"60913de\" data-element_type=\"column\">\n\t\t\t<div class=\"elementor-widget-wrap elementor-element-populated\">\n\t\t\t\t\t\t<div class=\"elementor-element elementor-element-2d8d2ec elementor-widget elementor-widget-text-editor\" data-id=\"2d8d2ec\" data-element_type=\"widget\" data-widget_type=\"text-editor.default\">\n\t\t\t\t<div class=\"elementor-widget-container\">\n\t\t\t\t\t\t\t\t\t<p><span class=\"tahoma130FFFFFFtb\" style=\"font-variant-ligatures: normal; font-variant-caps: normal; font-family: Tahoma, Geneva, sans-serif; font-size: 17px; font-style: normal; font-weight: bold; color: #000000; text-align: justify;\">Erste Schritte\u00a0<\/span><span class=\"tahoma130FFFFFFt\" style=\"font-variant-ligatures: normal; font-variant-caps: normal; font-family: Tahoma, Geneva, sans-serif; font-size: 17px; font-style: normal; font-weight: 400; color: #000000; text-align: justify;\"><br \/>Sie ben\u00f6tigen weder eine \u00dcberweisung noch eine Empfehlung. Ausreichend f\u00fcr Beratungstermine ist ihre pers\u00f6nliche Einsch\u00e4tzung, dass eine externe, professionelle Beratung f\u00fcr sie aktuell hilfreich oder unterst\u00fctzend ist.<br \/>Ich arbeite \u00fcberwiegend aufsuchend &#8211; im vertrauten Lebensumfeld der Familie.<br \/>In Einzelf\u00e4llen nutze ich geeignete R\u00e4umlichkeiten in Wohnortn\u00e4he der Klienten.\u00a0<\/span><\/p>\t\t\t\t\t\t\t\t<\/div>\n\t\t\t\t<\/div>\n\t\t\t\t\t<\/div>\n\t\t<\/div>\n\t\t\t\t\t<\/div>\n\t\t<\/section>\n\t\t\t\t<section class=\"elementor-section elementor-top-section elementor-element elementor-element-249e902 elementor-section-boxed elementor-section-height-default elementor-section-height-default\" data-id=\"249e902\" data-element_type=\"section\">\n\t\t\t\t\t\t<div class=\"elementor-container elementor-column-gap-default\">\n\t\t\t\t\t<div class=\"elementor-column elementor-col-100 elementor-top-column elementor-element elementor-element-7a809e8\" data-id=\"7a809e8\" data-element_type=\"column\">\n\t\t\t<div class=\"elementor-widget-wrap elementor-element-populated\">\n\t\t\t\t\t\t<div class=\"elementor-element elementor-element-f898e94 elementor-widget elementor-widget-text-editor\" data-id=\"f898e94\" data-element_type=\"widget\" data-widget_type=\"text-editor.default\">\n\t\t\t\t<div class=\"elementor-widget-container\">\n\t\t\t\t\t\t\t\t\t<p><span class=\"tahoma130FFFFFFtb\" style=\"font-variant-ligatures: normal; font-variant-caps: normal; font-family: Tahoma, Geneva, sans-serif; font-size: 17px; font-style: normal; font-weight: bold; color: #000000; text-align: justify;\">Kosten<\/span><span class=\"tahoma130FFFFFFt\" style=\"font-variant-ligatures: normal; font-variant-caps: normal; font-family: Tahoma, Geneva, sans-serif; font-size: 17px; font-style: normal; font-weight: 400; color: #000000; text-align: justify;\"><br \/>Mein\u00a0 Angebot richtet sich an Selbstzahler.\u00a0<br \/>Das Honorar variiert nach Angebot, Form und Dauer der Beratungs-\/Therapiezeit.\u00a0<br \/>Um Ihnen eine Planung der Kosten zu erm\u00f6glichen, wird gemeinsam mit Ihnen in einem ersten Gespr\u00e4ch eine Anzahl von Beratungs-\/Therapieeinheiten zur Orientierung vereinbart. Je nach Absprache zahlen sie nach jeder Sitzung oder erhalten am Monatsende eine Rechnung.<\/span><\/p>\t\t\t\t\t\t\t\t<\/div>\n\t\t\t\t<\/div>\n\t\t\t\t\t<\/div>\n\t\t<\/div>\n\t\t\t\t\t<\/div>\n\t\t<\/section>\n\t\t\t\t<section class=\"elementor-section elementor-top-section elementor-element elementor-element-8467fc5 elementor-section-boxed elementor-section-height-default elementor-section-height-default\" data-id=\"8467fc5\" data-element_type=\"section\" data-settings=\"{&quot;background_background&quot;:&quot;classic&quot;}\">\n\t\t\t\t\t\t<div class=\"elementor-container elementor-column-gap-default\">\n\t\t\t\t\t<div class=\"elementor-column elementor-col-100 elementor-top-column elementor-element elementor-element-f93d085\" data-id=\"f93d085\" data-element_type=\"column\">\n\t\t\t<div class=\"elementor-widget-wrap elementor-element-populated\">\n\t\t\t\t\t\t<div class=\"elementor-element elementor-element-14cf90d elementor-widget elementor-widget-text-editor\" data-id=\"14cf90d\" data-element_type=\"widget\" data-widget_type=\"text-editor.default\">\n\t\t\t\t<div class=\"elementor-widget-container\">\n\t\t\t\t\t\t\t\t\t<p><span class=\"tahoma130FFFFFFtb\" style=\"font-variant-ligatures: normal; font-variant-caps: normal; font-family: Tahoma, Geneva, sans-serif; font-size: 17px; font-style: normal; font-weight: bold; color: #000000; text-align: justify;\">Datenschutz<\/span><span class=\"tahoma130FFFFFFt\" style=\"font-variant-ligatures: normal; font-variant-caps: normal; font-family: Tahoma, Geneva, sans-serif; font-size: 17px; font-style: normal; font-weight: 400; color: #000000; text-align: justify;\"><br \/>Selbstverst\u00e4ndlich unterliege ich der Schweigepflicht und dem Datenschutz. Jeder Kontakt wird vertraulich behandelt und darf nicht an Dritte weitergegeben werden. Diskretion ist selbstverst\u00e4ndlich!<\/span><\/p>\t\t\t\t\t\t\t\t<\/div>\n\t\t\t\t<\/div>\n\t\t\t\t\t<\/div>\n\t\t<\/div>\n\t\t\t\t\t<\/div>\n\t\t<\/section>\n\t\t\t\t<\/div>\n\t\t","protected":false},"excerpt":{"rendered":"<p>Fragen und Antworten (FAQ) Qualit\u00e4tssicherung Zur eigenen Weiterentwicklung nehme ich regelm\u00e4\u00dfig Fortbildungen und&nbsp;Supervisionen in Anspruch. Ich stehe im engen Austausch mit fachlich&nbsp; qualifizierten Personen, im Rahmen kollegialer Beratung und Intervision.&nbsp; In meiner Arbeit gehe ich auch gerne vernetzt vor. Das bedeutet, ich kontaktiere&nbsp;nach Bedarf auch weiter spezialisierte Personen oder Institutionen f\u00fcr Sie, wenn Sie dieses [&hellip;]<\/p>\n","protected":false},"author":1,"featured_media":0,"parent":0,"menu_order":0,"comment_status":"closed","ping_status":"closed","template":"","meta":{"ocean_post_layout":"","ocean_both_sidebars_style":"","ocean_both_sidebars_content_width":0,"ocean_both_sidebars_sidebars_width":0,"ocean_sidebar":"0","ocean_second_sidebar":"0","ocean_disable_margins":"enable","ocean_add_body_class":"","ocean_shortcode_before_top_bar":"","ocean_shortcode_after_top_bar":"","ocean_shortcode_before_header":"","ocean_shortcode_after_header":"","ocean_has_shortcode":"","ocean_shortcode_after_title":"","ocean_shortcode_before_footer_widgets":"","ocean_shortcode_after_footer_widgets":"","ocean_shortcode_before_footer_bottom":"","ocean_shortcode_after_footer_bottom":"","ocean_display_top_bar":"default","ocean_display_header":"default","ocean_header_style":"","ocean_center_header_left_menu":"0","ocean_custom_header_template":"0","ocean_custom_logo":0,"ocean_custom_retina_logo":0,"ocean_custom_logo_max_width":0,"ocean_custom_logo_tablet_max_width":0,"ocean_custom_logo_mobile_max_width":0,"ocean_custom_logo_max_height":0,"ocean_custom_logo_tablet_max_height":0,"ocean_custom_logo_mobile_max_height":0,"ocean_header_custom_menu":"0","ocean_menu_typo_font_family":"0","ocean_menu_typo_font_subset":"","ocean_menu_typo_font_size":0,"ocean_menu_typo_font_size_tablet":0,"ocean_menu_typo_font_size_mobile":0,"ocean_menu_typo_font_size_unit":"px","ocean_menu_typo_font_weight":"","ocean_menu_typo_font_weight_tablet":"","ocean_menu_typo_font_weight_mobile":"","ocean_menu_typo_transform":"","ocean_menu_typo_transform_tablet":"","ocean_menu_typo_transform_mobile":"","ocean_menu_typo_line_height":0,"ocean_menu_typo_line_height_tablet":0,"ocean_menu_typo_line_height_mobile":0,"ocean_menu_typo_line_height_unit":"","ocean_menu_typo_spacing":0,"ocean_menu_typo_spacing_tablet":0,"ocean_menu_typo_spacing_mobile":0,"ocean_menu_typo_spacing_unit":"","ocean_menu_link_color":"","ocean_menu_link_color_hover":"","ocean_menu_link_color_active":"","ocean_menu_link_background":"","ocean_menu_link_hover_background":"","ocean_menu_link_active_background":"","ocean_menu_social_links_bg":"","ocean_menu_social_hover_links_bg":"","ocean_menu_social_links_color":"","ocean_menu_social_hover_links_color":"","ocean_disable_title":"on","ocean_disable_heading":"default","ocean_post_title":"","ocean_post_subheading":"","ocean_post_title_style":"","ocean_post_title_background_color":"","ocean_post_title_background":0,"ocean_post_title_bg_image_position":"","ocean_post_title_bg_image_attachment":"","ocean_post_title_bg_image_repeat":"","ocean_post_title_bg_image_size":"","ocean_post_title_height":0,"ocean_post_title_bg_overlay":0.5,"ocean_post_title_bg_overlay_color":"","ocean_disable_breadcrumbs":"default","ocean_breadcrumbs_color":"","ocean_breadcrumbs_separator_color":"","ocean_breadcrumbs_links_color":"","ocean_breadcrumbs_links_hover_color":"","ocean_display_footer_widgets":"default","ocean_display_footer_bottom":"default","ocean_custom_footer_template":"0","footnotes":""},"_links":{"self":[{"href":"https:\/\/www.nsfh.de\/index.php?rest_route=\/wp\/v2\/pages\/886"}],"collection":[{"href":"https:\/\/www.nsfh.de\/index.php?rest_route=\/wp\/v2\/pages"}],"about":[{"href":"https:\/\/www.nsfh.de\/index.php?rest_route=\/wp\/v2\/types\/page"}],"author":[{"embeddable":true,"href":"https:\/\/www.nsfh.de\/index.php?rest_route=\/wp\/v2\/users\/1"}],"replies":[{"embeddable":true,"href":"https:\/\/www.nsfh.de\/index.php?rest_route=%2Fwp%2Fv2%2Fcomments&post=886"}],"version-history":[{"count":16,"href":"https:\/\/www.nsfh.de\/index.php?rest_route=\/wp\/v2\/pages\/886\/revisions"}],"predecessor-version":[{"id":1036,"href":"https:\/\/www.nsfh.de\/index.php?rest_route=\/wp\/v2\/pages\/886\/revisions\/1036"}],"wp:attachment":[{"href":"https:\/\/www.nsfh.de\/index.php?rest_route=%2Fwp%2Fv2%2Fmedia&parent=886"}],"curies":[{"name":"wp","href":"https:\/\/api.w.org\/{rel}","templated":true}]}}