{"id":465,"date":"2016-09-27T14:57:56","date_gmt":"2016-09-27T14:57:56","guid":{"rendered":"http:\/\/fitness2.mythemecloud.io\/?page_id=465"},"modified":"2019-02-06T10:30:54","modified_gmt":"2019-02-06T09:30:54","slug":"gallery","status":"publish","type":"page","link":"https:\/\/www.nsfh.de\/?page_id=465","title":{"rendered":"Familienhilfen"},"content":{"rendered":"\t\t<div data-elementor-type=\"wp-post\" data-elementor-id=\"465\" class=\"elementor elementor-465 elementor-bc-flex-widget\">\n\t\t\t\t\t\t<section class=\"elementor-section elementor-top-section elementor-element elementor-element-34538f1 elementor-section-boxed elementor-section-height-default elementor-section-height-default\" data-id=\"34538f1\" data-element_type=\"section\" data-settings=\"{&quot;background_background&quot;:&quot;classic&quot;}\">\n\t\t\t\t\t\t<div class=\"elementor-container elementor-column-gap-default\">\n\t\t\t\t\t<div class=\"elementor-column elementor-col-100 elementor-top-column elementor-element elementor-element-919e16e\" data-id=\"919e16e\" data-element_type=\"column\">\n\t\t\t<div class=\"elementor-widget-wrap elementor-element-populated\">\n\t\t\t\t\t\t<div class=\"elementor-element elementor-element-09c3d75 elementor-widget elementor-widget-heading\" data-id=\"09c3d75\" data-element_type=\"widget\" data-widget_type=\"heading.default\">\n\t\t\t\t<div class=\"elementor-widget-container\">\n\t\t\t\t\t<h2 class=\"elementor-heading-title elementor-size-default\">Was sind systemische Familienhilfen?<\/h2>\t\t\t\t<\/div>\n\t\t\t\t<\/div>\n\t\t\t\t\t<\/div>\n\t\t<\/div>\n\t\t\t\t\t<\/div>\n\t\t<\/section>\n\t\t\t\t<section class=\"elementor-section elementor-top-section elementor-element elementor-element-9f5d924 elementor-section-boxed elementor-section-height-default elementor-section-height-default\" data-id=\"9f5d924\" data-element_type=\"section\" data-settings=\"{&quot;background_background&quot;:&quot;classic&quot;}\">\n\t\t\t\t\t\t<div class=\"elementor-container elementor-column-gap-default\">\n\t\t\t\t\t<div class=\"elementor-column elementor-col-100 elementor-top-column elementor-element elementor-element-55f79af\" data-id=\"55f79af\" data-element_type=\"column\">\n\t\t\t<div class=\"elementor-widget-wrap elementor-element-populated\">\n\t\t\t\t\t\t<div class=\"elementor-element elementor-element-eae2264 elementor-widget elementor-widget-text-editor\" data-id=\"eae2264\" data-element_type=\"widget\" data-widget_type=\"text-editor.default\">\n\t\t\t\t<div class=\"elementor-widget-container\">\n\t\t\t\t\t\t\t\t\t<p><span style=\"color: #000000; font-family: Tahoma, Geneva, sans-serif; font-size: 19px; font-style: normal; font-variant-ligatures: normal; font-variant-caps: normal; font-weight: 400; text-align: justify;\">Im Familienleben gibt es viel Sch\u00f6nes zu erfahren. Es gibt allerdings schwierige Momente, in denen Kompromisse im Sinne aller erforderlich sind.<\/span><br style=\"color: #000000; font-family: Tahoma, Geneva, sans-serif; font-size: 19px; text-align: justify;\" \/><br style=\"color: #000000; font-family: Tahoma, Geneva, sans-serif; font-size: 19px; text-align: justify;\" \/><span style=\"color: #000000; font-family: Tahoma, Geneva, sans-serif; font-size: 19px; font-style: normal; font-variant-ligatures: normal; font-variant-caps: normal; font-weight: 400; text-align: justify;\">Auch Konflikte und Fragezeichen geh\u00f6ren zum Familienalltag. Manchmal kommt man dabei in Situationen die einen &#8222;aufreiben&#8220; oder sogar Stress und &#8222;Wunden&#8220; entstehen lassen.\u00a0<\/span><br style=\"color: #000000; font-family: Tahoma, Geneva, sans-serif; font-size: 19px; text-align: justify;\" \/><br style=\"color: #000000; font-family: Tahoma, Geneva, sans-serif; font-size: 19px; text-align: justify;\" \/><span style=\"color: #000000; font-family: Tahoma, Geneva, sans-serif; font-size: 19px; font-style: normal; font-variant-ligatures: normal; font-variant-caps: normal; font-weight: 400; text-align: justify;\">In der systemischen Familienberatung\/-therapie wird ein Blick auf das Funktionieren des &#8222;Systems Familie&#8220; geworfen. Der Einzelne kann dabei erfahren, wie er sich als Teil eines Ganzen bewegt.\u00a0<\/span><br style=\"color: #000000; font-family: Tahoma, Geneva, sans-serif; font-size: 19px; text-align: justify;\" \/><span style=\"color: #000000; font-family: Tahoma, Geneva, sans-serif; font-size: 19px; font-style: normal; font-variant-ligatures: normal; font-variant-caps: normal; font-weight: 400; text-align: justify;\">Wie einem Mobile gleich, l\u00f6st der Impuls eines Teils unweigerlich Bewegung bei den anderen Teilen aus.\u00a0<\/span><br style=\"color: #000000; font-family: Tahoma, Geneva, sans-serif; font-size: 19px; text-align: justify;\" \/><span style=\"color: #000000; font-family: Tahoma, Geneva, sans-serif; font-size: 19px; font-style: normal; font-variant-ligatures: normal; font-variant-caps: normal; font-weight: 400; text-align: justify;\">Der systemische Beratungs-\/Therapieansatz fokussiert L\u00f6sungen. Manchmal muss gar nicht viel ver\u00e4ndert werden, um wieder in Balance zu kommen.\u00a0<\/span><br style=\"color: #000000; font-family: Tahoma, Geneva, sans-serif; font-size: 19px; text-align: justify;\" \/><br style=\"color: #000000; font-family: Tahoma, Geneva, sans-serif; font-size: 19px; text-align: justify;\" \/><span style=\"color: #000000; font-family: Tahoma, Geneva, sans-serif; font-size: 19px; font-style: normal; font-variant-ligatures: normal; font-variant-caps: normal; font-weight: 400; text-align: justify;\">Dabei wird unter Augenschein genommen, was sich bew\u00e4hrt hat und gut funktioniert, ebenso wie das, was variiert und noch einge\u00fcbt werden kann.\u00a0<\/span><br style=\"color: #000000; font-family: Tahoma, Geneva, sans-serif; font-size: 19px; text-align: justify;\" \/><br style=\"color: #000000; font-family: Tahoma, Geneva, sans-serif; font-size: 19px; text-align: justify;\" \/><span style=\"color: #000000; font-family: Tahoma, Geneva, sans-serif; font-size: 19px; font-style: normal; font-variant-ligatures: normal; font-variant-caps: normal; font-weight: 400; text-align: justify;\">Als systemische Familienberater-\/Therapeutinnen sehen wir uns dabei in der Rolle eines Wegbegleiters oder gelegentlich auch als jemand, der einen hilfreichen Perspektivwechsel anregt.<\/span><br style=\"color: #000000; font-family: Tahoma, Geneva, sans-serif; font-size: 19px; text-align: justify;\" \/><br style=\"color: #000000; font-family: Tahoma, Geneva, sans-serif; font-size: 19px; text-align: justify;\" \/><span style=\"color: #000000; font-family: Tahoma, Geneva, sans-serif; font-size: 19px; font-style: normal; font-variant-ligatures: normal; font-variant-caps: normal; font-weight: 400; text-align: justify;\">Es ist wichtig, f\u00fcr sich selbst bewusst zu haben, wo man gerade steht und wohin man eigentlich genau will. In gemeinsamen Sitzungen sowie in konkreten L\u00f6sungshilfen, kann man dies &#8211; mit etwas Abstand von den allt\u00e4glichen Anforderungen &#8211; einfacher analysieren und angehen.\u00a0<\/span><br style=\"color: #000000; font-family: Tahoma, Geneva, sans-serif; font-size: 19px; text-align: justify;\" \/><span style=\"color: #000000; font-family: Tahoma, Geneva, sans-serif; font-size: 19px; font-style: normal; font-variant-ligatures: normal; font-variant-caps: normal; font-weight: 400; text-align: justify;\">Wir \u00a0bieten Ihnen gerne Zeit, Raum und Beratung\/Therapie an, um f\u00fcr sich selbst heraus zu finden, wie sich ihr famili\u00e4rer Weg weiter nach ihren Bed\u00fcrfnissen und Vorstellungen gestalten kann.<\/span><\/p>\t\t\t\t\t\t\t\t<\/div>\n\t\t\t\t<\/div>\n\t\t\t\t\t<\/div>\n\t\t<\/div>\n\t\t\t\t\t<\/div>\n\t\t<\/section>\n\t\t\t\t<\/div>\n\t\t","protected":false},"excerpt":{"rendered":"<p>Was sind systemische Familienhilfen? Im Familienleben gibt es viel Sch\u00f6nes zu erfahren. Es gibt allerdings schwierige Momente, in denen Kompromisse im Sinne aller erforderlich sind.Auch Konflikte und Fragezeichen geh\u00f6ren zum Familienalltag. Manchmal kommt man dabei in Situationen die einen &#8222;aufreiben&#8220; oder sogar Stress und &#8222;Wunden&#8220; entstehen lassen.\u00a0In der systemischen Familienberatung\/-therapie wird ein Blick auf das [&hellip;]<\/p>\n","protected":false},"author":1,"featured_media":0,"parent":0,"menu_order":0,"comment_status":"closed","ping_status":"closed","template":"","meta":{"ocean_post_layout":"full-width","ocean_both_sidebars_style":"","ocean_both_sidebars_content_width":0,"ocean_both_sidebars_sidebars_width":0,"ocean_sidebar":"0","ocean_second_sidebar":"0","ocean_disable_margins":"enable","ocean_add_body_class":"","ocean_shortcode_before_top_bar":"","ocean_shortcode_after_top_bar":"","ocean_shortcode_before_header":"","ocean_shortcode_after_header":"","ocean_has_shortcode":"","ocean_shortcode_after_title":"","ocean_shortcode_before_footer_widgets":"","ocean_shortcode_after_footer_widgets":"","ocean_shortcode_before_footer_bottom":"","ocean_shortcode_after_footer_bottom":"","ocean_display_top_bar":"default","ocean_display_header":"default","ocean_header_style":"","ocean_center_header_left_menu":"0","ocean_custom_header_template":"0","ocean_custom_logo":0,"ocean_custom_retina_logo":0,"ocean_custom_logo_max_width":0,"ocean_custom_logo_tablet_max_width":0,"ocean_custom_logo_mobile_max_width":0,"ocean_custom_logo_max_height":0,"ocean_custom_logo_tablet_max_height":0,"ocean_custom_logo_mobile_max_height":0,"ocean_header_custom_menu":"0","ocean_menu_typo_font_family":"0","ocean_menu_typo_font_subset":"","ocean_menu_typo_font_size":0,"ocean_menu_typo_font_size_tablet":0,"ocean_menu_typo_font_size_mobile":0,"ocean_menu_typo_font_size_unit":"px","ocean_menu_typo_font_weight":"","ocean_menu_typo_font_weight_tablet":"","ocean_menu_typo_font_weight_mobile":"","ocean_menu_typo_transform":"","ocean_menu_typo_transform_tablet":"","ocean_menu_typo_transform_mobile":"","ocean_menu_typo_line_height":0,"ocean_menu_typo_line_height_tablet":0,"ocean_menu_typo_line_height_mobile":0,"ocean_menu_typo_line_height_unit":"","ocean_menu_typo_spacing":0,"ocean_menu_typo_spacing_tablet":0,"ocean_menu_typo_spacing_mobile":0,"ocean_menu_typo_spacing_unit":"","ocean_menu_link_color":"","ocean_menu_link_color_hover":"","ocean_menu_link_color_active":"","ocean_menu_link_background":"","ocean_menu_link_hover_background":"","ocean_menu_link_active_background":"","ocean_menu_social_links_bg":"","ocean_menu_social_hover_links_bg":"","ocean_menu_social_links_color":"","ocean_menu_social_hover_links_color":"","ocean_disable_title":"on","ocean_disable_heading":"default","ocean_post_title":"","ocean_post_subheading":"","ocean_post_title_style":"","ocean_post_title_background_color":"","ocean_post_title_background":0,"ocean_post_title_bg_image_position":"","ocean_post_title_bg_image_attachment":"","ocean_post_title_bg_image_repeat":"","ocean_post_title_bg_image_size":"","ocean_post_title_height":0,"ocean_post_title_bg_overlay":0.5,"ocean_post_title_bg_overlay_color":"","ocean_disable_breadcrumbs":"default","ocean_breadcrumbs_color":"","ocean_breadcrumbs_separator_color":"","ocean_breadcrumbs_links_color":"","ocean_breadcrumbs_links_hover_color":"","ocean_display_footer_widgets":"default","ocean_display_footer_bottom":"default","ocean_custom_footer_template":"0","footnotes":""},"_links":{"self":[{"href":"https:\/\/www.nsfh.de\/index.php?rest_route=\/wp\/v2\/pages\/465"}],"collection":[{"href":"https:\/\/www.nsfh.de\/index.php?rest_route=\/wp\/v2\/pages"}],"about":[{"href":"https:\/\/www.nsfh.de\/index.php?rest_route=\/wp\/v2\/types\/page"}],"author":[{"embeddable":true,"href":"https:\/\/www.nsfh.de\/index.php?rest_route=\/wp\/v2\/users\/1"}],"replies":[{"embeddable":true,"href":"https:\/\/www.nsfh.de\/index.php?rest_route=%2Fwp%2Fv2%2Fcomments&post=465"}],"version-history":[{"count":9,"href":"https:\/\/www.nsfh.de\/index.php?rest_route=\/wp\/v2\/pages\/465\/revisions"}],"predecessor-version":[{"id":1014,"href":"https:\/\/www.nsfh.de\/index.php?rest_route=\/wp\/v2\/pages\/465\/revisions\/1014"}],"wp:attachment":[{"href":"https:\/\/www.nsfh.de\/index.php?rest_route=%2Fwp%2Fv2%2Fmedia&parent=465"}],"curies":[{"name":"wp","href":"https:\/\/api.w.org\/{rel}","templated":true}]}}