{"id":406,"date":"2016-09-27T09:51:22","date_gmt":"2016-09-27T09:51:22","guid":{"rendered":"http:\/\/fitness2.mythemecloud.io\/?page_id=406"},"modified":"2023-10-08T10:41:55","modified_gmt":"2023-10-08T09:41:55","slug":"studio","status":"publish","type":"page","link":"https:\/\/www.nsfh.de\/?page_id=406","title":{"rendered":"Vita"},"content":{"rendered":"\t\t<div data-elementor-type=\"wp-post\" data-elementor-id=\"406\" class=\"elementor elementor-406\">\n\t\t\t\t\t\t<section class=\"elementor-section elementor-top-section elementor-element elementor-element-ce3e4fb elementor-section-boxed elementor-section-height-default elementor-section-height-default\" data-id=\"ce3e4fb\" data-element_type=\"section\">\n\t\t\t\t\t\t<div class=\"elementor-container elementor-column-gap-default\">\n\t\t\t\t\t<div class=\"elementor-column elementor-col-100 elementor-top-column elementor-element elementor-element-33efd45\" data-id=\"33efd45\" data-element_type=\"column\">\n\t\t\t<div class=\"elementor-widget-wrap elementor-element-populated\">\n\t\t\t\t\t\t<div class=\"elementor-element elementor-element-1a462bc elementor-widget elementor-widget-heading\" data-id=\"1a462bc\" data-element_type=\"widget\" data-widget_type=\"heading.default\">\n\t\t\t\t<div class=\"elementor-widget-container\">\n\t\t\t\t\t<h2 class=\"elementor-heading-title elementor-size-default\">Meine Vita<\/h2>\t\t\t\t<\/div>\n\t\t\t\t<\/div>\n\t\t\t\t\t<\/div>\n\t\t<\/div>\n\t\t\t\t\t<\/div>\n\t\t<\/section>\n\t\t\t\t<section class=\"elementor-section elementor-top-section elementor-element elementor-element-ybrx6zd elementor-section-content-middle elementor-section-height-min-height elementor-section-boxed elementor-section-height-default elementor-section-items-middle\" data-id=\"ybrx6zd\" data-element_type=\"section\">\n\t\t\t\t\t\t<div class=\"elementor-container elementor-column-gap-default\">\n\t\t\t\t\t<div class=\"elementor-column elementor-col-33 elementor-top-column elementor-element elementor-element-nm7wyr2\" data-id=\"nm7wyr2\" data-element_type=\"column\">\n\t\t\t<div class=\"elementor-widget-wrap elementor-element-populated\">\n\t\t\t\t\t\t<div class=\"elementor-element elementor-element-shc2be8 elementor-widget elementor-widget-image\" data-id=\"shc2be8\" data-element_type=\"widget\" data-widget_type=\"image.default\">\n\t\t\t\t<div class=\"elementor-widget-container\">\n\t\t\t\t\t\t\t\t\t\t\t\t\t\t\t<img decoding=\"async\" width=\"153\" height=\"153\" src=\"https:\/\/www.nsfh.de\/wp-content\/uploads\/2019\/02\/1_vita_sabine_picture1.png\" class=\"attachment-medium size-medium wp-image-969\" alt=\"\" srcset=\"https:\/\/www.nsfh.de\/wp-content\/uploads\/2019\/02\/1_vita_sabine_picture1.png 153w, https:\/\/www.nsfh.de\/wp-content\/uploads\/2019\/02\/1_vita_sabine_picture1-150x150.png 150w\" sizes=\"(max-width: 153px) 100vw, 153px\" \/>\t\t\t\t\t\t\t\t\t\t\t\t\t\t\t<\/div>\n\t\t\t\t<\/div>\n\t\t\t\t\t<\/div>\n\t\t<\/div>\n\t\t\t\t<div class=\"elementor-column elementor-col-66 elementor-top-column elementor-element elementor-element-r7gqrhq\" data-id=\"r7gqrhq\" data-element_type=\"column\">\n\t\t\t<div class=\"elementor-widget-wrap elementor-element-populated\">\n\t\t\t\t\t\t<div class=\"elementor-element elementor-element-8ea180f elementor-widget elementor-widget-text-editor\" data-id=\"8ea180f\" data-element_type=\"widget\" data-widget_type=\"text-editor.default\">\n\t\t\t\t<div class=\"elementor-widget-container\">\n\t\t\t\t\t\t\t\t\t<ul style=\"font-variant-ligatures: normal; font-variant-caps: normal; font-family: 'Roboto Slab'; font-size: 15px; font-style: normal; font-weight: 400;\"><li style=\"font-size: 15px;\"><span style=\"font-variant-ligatures: normal; font-variant-caps: normal; font-family: Tahoma, Geneva, sans-serif; font-size: 16px; font-style: normal; font-weight: 400; color: #000000; text-align: justify;\">Mutter<\/span><\/li><li style=\"font-size: 15px;\"><span style=\"font-variant-ligatures: normal; font-variant-caps: normal; font-family: Tahoma, Geneva, sans-serif; font-size: 16px; font-style: normal; font-weight: 400; color: #000000; text-align: justify;\">Systemische Familientherapeutin\/-Beraterin<\/span><\/li><li style=\"font-size: 15px;\"><span style=\"font-variant-ligatures: normal; font-variant-caps: normal; font-family: Tahoma, Geneva, sans-serif; font-size: 16px; font-style: normal; font-weight: 400; color: #000000; text-align: justify;\">Traumap\u00e4dagogin &amp; Traumazentrierte Fachberaterin (DeGPT\/FVTP)<\/span><\/li><li style=\"font-size: 15px;\"><span style=\"font-variant-ligatures: normal; font-variant-caps: normal; font-family: Tahoma, Geneva, sans-serif; font-size: 16px; font-style: normal; font-weight: 400; color: #000000; text-align: justify;\">Fachkraft f\u00fcr Kinder von Eltern mit psychischen Erkrankungen\/Suchterkrankungen<\/span><\/li><li style=\"font-size: 15px;\"><span style=\"font-variant-ligatures: normal; font-variant-caps: normal; font-family: Tahoma, Geneva, sans-serif; font-size: 16px; font-style: normal; font-weight: 400; color: #000000; text-align: justify;\">Kinderschutzfachkraft<\/span><\/li><li style=\"font-size: 15px;\"><span style=\"font-variant-ligatures: normal; font-variant-caps: normal; font-family: Tahoma, Geneva, sans-serif; font-size: 16px; font-style: normal; font-weight: 400; color: #000000; text-align: justify;\">(Heim-)Erzieherin\u00a0<\/span><\/li><li style=\"font-size: 15px;\"><span style=\"font-variant-ligatures: normal; font-variant-caps: normal; font-family: Tahoma, Geneva, sans-serif; font-size: 16px; font-style: normal; font-weight: 400; color: #000000; text-align: justify;\">Kollegiale Fallberaterin<\/span><\/li><li style=\"font-size: 15px;\"><span style=\"font-variant-ligatures: normal; font-variant-caps: normal; font-family: Tahoma, Geneva, sans-serif; font-size: 16px; font-style: normal; font-weight: 400; color: #000000; text-align: justify;\">\u201ewir 2\u201c Elterntrainerin<\/span><span style=\"font-variant-ligatures: normal; font-variant-caps: normal; font-family: Tahoma, Geneva, sans-serif; font-size: 19px; font-style: normal; font-weight: 400; color: #ffffff; text-align: justify;\">gen, un<\/span><\/li><\/ul>\t\t\t\t\t\t\t\t<\/div>\n\t\t\t\t<\/div>\n\t\t\t\t\t<\/div>\n\t\t<\/div>\n\t\t\t\t\t<\/div>\n\t\t<\/section>\n\t\t\t\t<section class=\"elementor-section elementor-top-section elementor-element elementor-element-c3524c4 elementor-section-boxed elementor-section-height-default elementor-section-height-default\" data-id=\"c3524c4\" data-element_type=\"section\" data-settings=\"{&quot;background_background&quot;:&quot;classic&quot;}\">\n\t\t\t\t\t\t<div class=\"elementor-container elementor-column-gap-default\">\n\t\t\t\t\t<div class=\"elementor-column elementor-col-100 elementor-top-column elementor-element elementor-element-6606c74\" data-id=\"6606c74\" data-element_type=\"column\">\n\t\t\t<div class=\"elementor-widget-wrap elementor-element-populated\">\n\t\t\t\t\t\t<div class=\"elementor-element elementor-element-a292ccc elementor-widget elementor-widget-text-editor\" data-id=\"a292ccc\" data-element_type=\"widget\" data-widget_type=\"text-editor.default\">\n\t\t\t\t<div class=\"elementor-widget-container\">\n\t\t\t\t\t\t\t\t\t<p><span style=\"color: #000000; font-family: Tahoma, Geneva, sans-serif; font-size: 16px; font-style: normal; font-variant-ligatures: normal; font-variant-caps: normal; font-weight: 400; text-align: justify;\">In meinem Leben (geb. 1962) als Tochter, Mutter, Ehefrau und Berufst\u00e4tige gab es sowohl sch\u00f6ne als auch schmerzhafte Erlebnisse. Die Summe dieser Erfahrungen kommt mir in meinem Beruf zu gute. Manchmal ist es nicht nur die schulische Ausbildung die weiter hilft sondern auch die eigene Lebenserfahrung.<\/span><br style=\"color: #000000; font-family: Tahoma, Geneva, sans-serif; font-size: 16px; text-align: justify;\" \/><br style=\"color: #000000; font-family: Tahoma, Geneva, sans-serif; font-size: 16px; text-align: justify;\" \/><span style=\"color: #000000; font-family: Tahoma, Geneva, sans-serif; font-size: 16px; font-style: normal; font-variant-ligatures: normal; font-variant-caps: normal; font-weight: 400; text-align: justify;\">1981 war mein Start in das Berufsleben als (Heim-)Erzieherin und bin im Laufe der Zeit in die station\u00e4re und ambulante Jugendhilfe gewechselt.\u00a0<\/span><br style=\"color: #000000; font-family: Tahoma, Geneva, sans-serif; font-size: 16px; text-align: justify;\" \/><span style=\"color: #000000; font-family: Tahoma, Geneva, sans-serif; font-size: 16px; font-style: normal; font-variant-ligatures: normal; font-variant-caps: normal; font-weight: 400; text-align: justify;\">In den letzten Jahren habe ich mich zur Kollegialen Fallberaterin, Systemischen Familienberaterin\/-therapeutin, Traumap\u00e4dagogischen und Traumazentrierten Fachberaterin sowie zur Fachberaterin Kinder von Eltern mit psychischen Erkrankungen qualifiziert.<\/span><br style=\"color: #000000; font-family: Tahoma, Geneva, sans-serif; font-size: 16px; text-align: justify;\" \/><span style=\"color: #000000; font-family: Tahoma, Geneva, sans-serif; font-size: 16px; font-style: normal; font-variant-ligatures: normal; font-variant-caps: normal; font-weight: 400; text-align: justify;\">Die Ausbildung zur zertifizierten Trainerin f\u00fcr das \u201ewir2\u201c Bindungstraining hat mein T\u00e4tigkeitsfeld erweitert.<\/span><br style=\"color: #000000; font-family: Tahoma, Geneva, sans-serif; font-size: 16px; text-align: justify;\" \/><br style=\"color: #000000; font-family: Tahoma, Geneva, sans-serif; font-size: 16px; text-align: justify;\" \/><span style=\"color: #000000; font-family: Tahoma, Geneva, sans-serif; font-size: 16px; font-style: normal; font-variant-ligatures: normal; font-variant-caps: normal; font-weight: 400; text-align: justify;\">Im Verlauf der Einf\u00fchrung der Inklusion habe ich zudem vielf\u00e4ltige Erfahrungen im Bereich der Eingliederungshilfe sammeln k\u00f6nnen (LRS, ADHS, Lernbehinderung und St\u00f6rungen im sozial-\/emotionalen Bereich).<\/span><br style=\"color: #000000; font-family: Tahoma, Geneva, sans-serif; font-size: 16px; text-align: justify;\" \/><br style=\"color: #000000; font-family: Tahoma, Geneva, sans-serif; font-size: 16px; text-align: justify;\" \/><span style=\"color: #000000; font-family: Tahoma, Geneva, sans-serif; font-size: 16px; font-style: normal; font-variant-ligatures: normal; font-variant-caps: normal; font-weight: 400; text-align: justify;\">Aus dem Wissen, den Erkenntnissen, meiner Intuition und Kreativit\u00e4t, sowie aus meiner Pers\u00f6nlichkeit heraus, steht meine T\u00e4tigkeit auf einem soliden Fundament. Es gibt viele neue Wege, die ich Ihnen auf eine wertsch\u00e4tzende und respektvolle Weise in Problemsituationen aufzeigen kann.<\/span><br style=\"color: #000000; font-family: Tahoma, Geneva, sans-serif; font-size: 16px; text-align: justify;\" \/><br style=\"color: #000000; font-family: Tahoma, Geneva, sans-serif; font-size: 16px; text-align: justify;\" \/><span style=\"color: #000000; font-family: Tahoma, Geneva, sans-serif; font-size: 16px; font-style: normal; font-variant-ligatures: normal; font-variant-caps: normal; font-weight: 400; text-align: justify;\">Somit m\u00f6chte ich Ihnen Erlebtes und Gelebtes gerne n\u00e4her bringen, Ihnen M\u00f6glichkeiten aufzeigen Neues zu entdecken, den Blick auf die eigenen Ressourcen zu lenken und die eigene Kraft in sich zu entdecken. Besonders den Menschen, denen neue Sichtweisen weiter helfen, oder denjenigen, die neugierig auf sich selbst sind, stehe ich gerne helfend zur Verf\u00fcgung!<\/span><br style=\"color: #000000; font-family: Tahoma, Geneva, sans-serif; font-size: 16px; text-align: justify;\" \/><span style=\"color: #000000; font-family: Tahoma, Geneva, sans-serif; font-size: 16px; font-style: normal; font-variant-ligatures: normal; font-variant-caps: normal; font-weight: 400; text-align: justify;\">Bei Bedarf k\u00f6nnen wir auch auf die Kompetenzen von Kolleginnen zur\u00fcck greifen.<\/span><\/p>\t\t\t\t\t\t\t\t<\/div>\n\t\t\t\t<\/div>\n\t\t\t\t\t<\/div>\n\t\t<\/div>\n\t\t\t\t\t<\/div>\n\t\t<\/section>\n\t\t\t\t<\/div>\n\t\t","protected":false},"excerpt":{"rendered":"<p>Meine Vita Mutter Systemische Familientherapeutin\/-Beraterin Traumap\u00e4dagogin &amp; Traumazentrierte Fachberaterin (DeGPT\/FVTP) Fachkraft f\u00fcr Kinder von Eltern mit psychischen Erkrankungen\/Suchterkrankungen Kinderschutzfachkraft (Heim-)Erzieherin\u00a0 Kollegiale Fallberaterin \u201ewir 2\u201c Elterntraineringen, un In meinem Leben (geb. 1962) als Tochter, Mutter, Ehefrau und Berufst\u00e4tige gab es sowohl sch\u00f6ne als auch schmerzhafte Erlebnisse. Die Summe dieser Erfahrungen kommt mir in meinem Beruf zu [&hellip;]<\/p>\n","protected":false},"author":1,"featured_media":0,"parent":0,"menu_order":0,"comment_status":"closed","ping_status":"closed","template":"","meta":{"ocean_post_layout":"full-width","ocean_both_sidebars_style":"","ocean_both_sidebars_content_width":0,"ocean_both_sidebars_sidebars_width":0,"ocean_sidebar":"0","ocean_second_sidebar":"0","ocean_disable_margins":"enable","ocean_add_body_class":"","ocean_shortcode_before_top_bar":"","ocean_shortcode_after_top_bar":"","ocean_shortcode_before_header":"","ocean_shortcode_after_header":"","ocean_has_shortcode":"","ocean_shortcode_after_title":"","ocean_shortcode_before_footer_widgets":"","ocean_shortcode_after_footer_widgets":"","ocean_shortcode_before_footer_bottom":"","ocean_shortcode_after_footer_bottom":"","ocean_display_top_bar":"default","ocean_display_header":"default","ocean_header_style":"","ocean_center_header_left_menu":"0","ocean_custom_header_template":"0","ocean_custom_logo":0,"ocean_custom_retina_logo":0,"ocean_custom_logo_max_width":0,"ocean_custom_logo_tablet_max_width":0,"ocean_custom_logo_mobile_max_width":0,"ocean_custom_logo_max_height":0,"ocean_custom_logo_tablet_max_height":0,"ocean_custom_logo_mobile_max_height":0,"ocean_header_custom_menu":"0","ocean_menu_typo_font_family":"0","ocean_menu_typo_font_subset":"","ocean_menu_typo_font_size":0,"ocean_menu_typo_font_size_tablet":0,"ocean_menu_typo_font_size_mobile":0,"ocean_menu_typo_font_size_unit":"px","ocean_menu_typo_font_weight":"","ocean_menu_typo_font_weight_tablet":"","ocean_menu_typo_font_weight_mobile":"","ocean_menu_typo_transform":"","ocean_menu_typo_transform_tablet":"","ocean_menu_typo_transform_mobile":"","ocean_menu_typo_line_height":0,"ocean_menu_typo_line_height_tablet":0,"ocean_menu_typo_line_height_mobile":0,"ocean_menu_typo_line_height_unit":"","ocean_menu_typo_spacing":0,"ocean_menu_typo_spacing_tablet":0,"ocean_menu_typo_spacing_mobile":0,"ocean_menu_typo_spacing_unit":"","ocean_menu_link_color":"","ocean_menu_link_color_hover":"","ocean_menu_link_color_active":"","ocean_menu_link_background":"","ocean_menu_link_hover_background":"","ocean_menu_link_active_background":"","ocean_menu_social_links_bg":"","ocean_menu_social_hover_links_bg":"","ocean_menu_social_links_color":"","ocean_menu_social_hover_links_color":"","ocean_disable_title":"on","ocean_disable_heading":"default","ocean_post_title":"","ocean_post_subheading":"","ocean_post_title_style":"","ocean_post_title_background_color":"","ocean_post_title_background":0,"ocean_post_title_bg_image_position":"","ocean_post_title_bg_image_attachment":"","ocean_post_title_bg_image_repeat":"","ocean_post_title_bg_image_size":"","ocean_post_title_height":0,"ocean_post_title_bg_overlay":0.5,"ocean_post_title_bg_overlay_color":"","ocean_disable_breadcrumbs":"default","ocean_breadcrumbs_color":"","ocean_breadcrumbs_separator_color":"","ocean_breadcrumbs_links_color":"","ocean_breadcrumbs_links_hover_color":"","ocean_display_footer_widgets":"default","ocean_display_footer_bottom":"default","ocean_custom_footer_template":"0","footnotes":""},"_links":{"self":[{"href":"https:\/\/www.nsfh.de\/index.php?rest_route=\/wp\/v2\/pages\/406"}],"collection":[{"href":"https:\/\/www.nsfh.de\/index.php?rest_route=\/wp\/v2\/pages"}],"about":[{"href":"https:\/\/www.nsfh.de\/index.php?rest_route=\/wp\/v2\/types\/page"}],"author":[{"embeddable":true,"href":"https:\/\/www.nsfh.de\/index.php?rest_route=\/wp\/v2\/users\/1"}],"replies":[{"embeddable":true,"href":"https:\/\/www.nsfh.de\/index.php?rest_route=%2Fwp%2Fv2%2Fcomments&post=406"}],"version-history":[{"count":14,"href":"https:\/\/www.nsfh.de\/index.php?rest_route=\/wp\/v2\/pages\/406\/revisions"}],"predecessor-version":[{"id":1071,"href":"https:\/\/www.nsfh.de\/index.php?rest_route=\/wp\/v2\/pages\/406\/revisions\/1071"}],"wp:attachment":[{"href":"https:\/\/www.nsfh.de\/index.php?rest_route=%2Fwp%2Fv2%2Fmedia&parent=406"}],"curies":[{"name":"wp","href":"https:\/\/api.w.org\/{rel}","templated":true}]}}